{"id":1308,"date":"2024-07-10T19:16:36","date_gmt":"2024-07-10T16:16:36","guid":{"rendered":"https:\/\/pektineksper.com\/contact\/"},"modified":"2025-04-03T11:49:17","modified_gmt":"2025-04-03T08:49:17","slug":"contact","status":"publish","type":"page","link":"https:\/\/pektineksper.com\/en\/contact\/","title":{"rendered":"Contact"},"content":{"rendered":"\t\t<div data-elementor-type=\"wp-page\" data-elementor-id=\"1308\" class=\"elementor elementor-1308 elementor-188\" data-elementor-settings=\"{&quot;element_pack_global_tooltip_width&quot;:{&quot;unit&quot;:&quot;px&quot;,&quot;size&quot;:&quot;&quot;,&quot;sizes&quot;:[]},&quot;element_pack_global_tooltip_width_tablet&quot;:{&quot;unit&quot;:&quot;px&quot;,&quot;size&quot;:&quot;&quot;,&quot;sizes&quot;:[]},&quot;element_pack_global_tooltip_width_mobile&quot;:{&quot;unit&quot;:&quot;px&quot;,&quot;size&quot;:&quot;&quot;,&quot;sizes&quot;:[]},&quot;element_pack_global_tooltip_padding&quot;:{&quot;unit&quot;:&quot;px&quot;,&quot;top&quot;:&quot;&quot;,&quot;right&quot;:&quot;&quot;,&quot;bottom&quot;:&quot;&quot;,&quot;left&quot;:&quot;&quot;,&quot;isLinked&quot;:true},&quot;element_pack_global_tooltip_padding_tablet&quot;:{&quot;unit&quot;:&quot;px&quot;,&quot;top&quot;:&quot;&quot;,&quot;right&quot;:&quot;&quot;,&quot;bottom&quot;:&quot;&quot;,&quot;left&quot;:&quot;&quot;,&quot;isLinked&quot;:true},&quot;element_pack_global_tooltip_padding_mobile&quot;:{&quot;unit&quot;:&quot;px&quot;,&quot;top&quot;:&quot;&quot;,&quot;right&quot;:&quot;&quot;,&quot;bottom&quot;:&quot;&quot;,&quot;left&quot;:&quot;&quot;,&quot;isLinked&quot;:true},&quot;element_pack_global_tooltip_border_radius&quot;:{&quot;unit&quot;:&quot;px&quot;,&quot;top&quot;:&quot;&quot;,&quot;right&quot;:&quot;&quot;,&quot;bottom&quot;:&quot;&quot;,&quot;left&quot;:&quot;&quot;,&quot;isLinked&quot;:true},&quot;element_pack_global_tooltip_border_radius_tablet&quot;:{&quot;unit&quot;:&quot;px&quot;,&quot;top&quot;:&quot;&quot;,&quot;right&quot;:&quot;&quot;,&quot;bottom&quot;:&quot;&quot;,&quot;left&quot;:&quot;&quot;,&quot;isLinked&quot;:true},&quot;element_pack_global_tooltip_border_radius_mobile&quot;:{&quot;unit&quot;:&quot;px&quot;,&quot;top&quot;:&quot;&quot;,&quot;right&quot;:&quot;&quot;,&quot;bottom&quot;:&quot;&quot;,&quot;left&quot;:&quot;&quot;,&quot;isLinked&quot;:true}}\" data-elementor-post-type=\"page\">\n\t\t\t\t<div class=\"elementor-element elementor-element-74cc6ff e-con-full e-flex e-con e-parent\" data-id=\"74cc6ff\" data-element_type=\"container\" data-e-type=\"container\" data-settings=\"{&quot;background_background&quot;:&quot;classic&quot;}\">\n\t\t<div class=\"elementor-element elementor-element-d6591fe e-flex e-con-boxed e-con e-child\" data-id=\"d6591fe\" data-element_type=\"container\" data-e-type=\"container\">\n\t\t\t\t\t<div class=\"e-con-inner\">\n\t\t\t\t<div class=\"elementor-element elementor-element-37fd092 elementor-widget elementor-widget-heading\" data-id=\"37fd092\" data-element_type=\"widget\" data-e-type=\"widget\" data-widget_type=\"heading.default\">\n\t\t\t\t<div class=\"elementor-widget-container\">\n\t\t\t\t\t<h2 class=\"elementor-heading-title elementor-size-default\">Communication<\/h2>\t\t\t\t<\/div>\n\t\t\t\t<\/div>\n\t\t\t\t\t<\/div>\n\t\t\t\t<\/div>\n\t\t\t\t<\/div>\n\t\t<div class=\"elementor-element elementor-element-020d202 e-con-full e-flex e-con e-parent\" data-id=\"020d202\" data-element_type=\"container\" data-e-type=\"container\">\n\t\t<div class=\"elementor-element elementor-element-4fa9a8d e-flex e-con-boxed e-con e-child\" data-id=\"4fa9a8d\" data-element_type=\"container\" data-e-type=\"container\" data-settings=\"{&quot;background_background&quot;:&quot;classic&quot;}\">\n\t\t\t\t\t<div class=\"e-con-inner\">\n\t\t<div class=\"elementor-element elementor-element-7892ac6 elementor-hidden-mobile e-con-full e-flex e-con e-child\" data-id=\"7892ac6\" data-element_type=\"container\" data-e-type=\"container\">\n\t\t\t\t<div class=\"elementor-element elementor-element-2e5b0e3 elementor-position-inline-end elementor-mobile-position-inline-end elementor-view-default elementor-widget elementor-widget-icon-box\" data-id=\"2e5b0e3\" data-element_type=\"widget\" data-e-type=\"widget\" data-widget_type=\"icon-box.default\">\n\t\t\t\t<div class=\"elementor-widget-container\">\n\t\t\t\t\t\t\t<div class=\"elementor-icon-box-wrapper\">\n\n\t\t\t\t\t\t<div class=\"elementor-icon-box-icon\">\n\t\t\t\t<a href=\"https:\/\/pektineksper.com\/en\/\" class=\"elementor-icon\" tabindex=\"-1\" aria-label=\"Homepage\">\n\t\t\t\t<i aria-hidden=\"true\" class=\"ti ti-angle-right\"><\/i>\t\t\t\t<\/a>\n\t\t\t<\/div>\n\t\t\t\n\t\t\t\t\t\t<div class=\"elementor-icon-box-content\">\n\n\t\t\t\t\t\t\t\t\t<h3 class=\"elementor-icon-box-title\">\n\t\t\t\t\t\t<a href=\"https:\/\/pektineksper.com\/en\/\" >\n\t\t\t\t\t\t\tHomepage\t\t\t\t\t\t<\/a>\n\t\t\t\t\t<\/h3>\n\t\t\t\t\n\t\t\t\t\n\t\t\t<\/div>\n\t\t\t\n\t\t<\/div>\n\t\t\t\t\t\t<\/div>\n\t\t\t\t<\/div>\n\t\t\t\t<div class=\"elementor-element elementor-element-7e47b65 elementor-widget elementor-widget-icon-box\" data-id=\"7e47b65\" data-element_type=\"widget\" data-e-type=\"widget\" data-widget_type=\"icon-box.default\">\n\t\t\t\t<div class=\"elementor-widget-container\">\n\t\t\t\t\t\t\t<div class=\"elementor-icon-box-wrapper\">\n\n\t\t\t\n\t\t\t\t\t\t<div class=\"elementor-icon-box-content\">\n\n\t\t\t\t\t\t\t\t\t<h3 class=\"elementor-icon-box-title\">\n\t\t\t\t\t\t<span  >\n\t\t\t\t\t\t\tCommunication\t\t\t\t\t\t<\/span>\n\t\t\t\t\t<\/h3>\n\t\t\t\t\n\t\t\t\t\n\t\t\t<\/div>\n\t\t\t\n\t\t<\/div>\n\t\t\t\t\t\t<\/div>\n\t\t\t\t<\/div>\n\t\t\t\t<\/div>\n\t\t\t\t\t<\/div>\n\t\t\t\t<\/div>\n\t\t\t\t<\/div>\n\t\t<div class=\"elementor-element elementor-element-2a40e28 e-flex e-con-boxed e-con e-parent\" data-id=\"2a40e28\" data-element_type=\"container\" data-e-type=\"container\">\n\t\t\t\t\t<div class=\"e-con-inner\">\n\t\t<div class=\"elementor-element elementor-element-60ef632 e-con-full e-flex e-con e-child\" data-id=\"60ef632\" data-element_type=\"container\" data-e-type=\"container\">\n\t\t<div class=\"elementor-element elementor-element-8399bc9 e-con-full e-flex e-con e-child\" data-id=\"8399bc9\" data-element_type=\"container\" data-e-type=\"container\">\n\t\t\t\t<div class=\"elementor-element elementor-element-d68d950 elementor-widget elementor-widget-heading\" data-id=\"d68d950\" data-element_type=\"widget\" data-e-type=\"widget\" data-widget_type=\"heading.default\">\n\t\t\t\t<div class=\"elementor-widget-container\">\n\t\t\t\t\t<h2 class=\"elementor-heading-title elementor-size-default\">Communication<\/h2>\t\t\t\t<\/div>\n\t\t\t\t<\/div>\n\t\t\t\t<div class=\"elementor-element elementor-element-63ca82c elementor-icon-list--layout-traditional elementor-list-item-link-full_width elementor-widget elementor-widget-icon-list\" data-id=\"63ca82c\" data-element_type=\"widget\" data-e-type=\"widget\" data-widget_type=\"icon-list.default\">\n\t\t\t\t<div class=\"elementor-widget-container\">\n\t\t\t\t\t\t\t<ul class=\"elementor-icon-list-items\">\n\t\t\t\t\t\t\t<li class=\"elementor-icon-list-item\">\n\t\t\t\t\t\t\t\t\t\t\t<a href=\"tel:+905061755403\">\n\n\t\t\t\t\t\t\t\t\t\t\t\t<span class=\"elementor-icon-list-icon\">\n\t\t\t\t\t\t\t<svg xmlns=\"http:\/\/www.w3.org\/2000\/svg\" width=\"24\" height=\"24\" viewBox=\"0 0 24 24\" fill=\"none\"><mask id=\"mask0_332_2488\" style=\"mask-type:alpha\" maskUnits=\"userSpaceOnUse\" x=\"0\" y=\"0\" width=\"24\" height=\"24\"><rect width=\"24\" height=\"24\" fill=\"#D9D9D9\"><\/rect><\/mask><g mask=\"url(#mask0_332_2488)\"><path d=\"M19.95 21C17.8667 21 15.8083 20.5458 13.775 19.6375C11.7417 18.7292 9.89167 17.4417 8.225 15.775C6.55833 14.1083 5.27083 12.2583 4.3625 10.225C3.45417 8.19167 3 6.13333 3 4.05C3 3.75 3.1 3.5 3.3 3.3C3.5 3.1 3.75 3 4.05 3H8.1C8.33333 3 8.54167 3.07917 8.725 3.2375C8.90833 3.39583 9.01667 3.58333 9.05 3.8L9.7 7.3C9.73333 7.56667 9.725 7.79167 9.675 7.975C9.625 8.15833 9.53333 8.31667 9.4 8.45L6.975 10.9C7.30833 11.5167 7.70417 12.1125 8.1625 12.6875C8.62083 13.2625 9.125 13.8167 9.675 14.35C10.1917 14.8667 10.7333 15.3458 11.3 15.7875C11.8667 16.2292 12.4667 16.6333 13.1 17L15.45 14.65C15.6 14.5 15.7958 14.3875 16.0375 14.3125C16.2792 14.2375 16.5167 14.2167 16.75 14.25L20.2 14.95C20.4333 15.0167 20.625 15.1375 20.775 15.3125C20.925 15.4875 21 15.6833 21 15.9V19.95C21 20.25 20.9 20.5 20.7 20.7C20.5 20.9 20.25 21 19.95 21ZM6.025 9L7.675 7.35L7.25 5H5.025C5.10833 5.68333 5.225 6.35833 5.375 7.025C5.525 7.69167 5.74167 8.35 6.025 9ZM14.975 17.95C15.625 18.2333 16.2875 18.4583 16.9625 18.625C17.6375 18.7917 18.3167 18.9 19 18.95V16.75L16.65 16.275L14.975 17.95Z\" fill=\"#7E553A\"><\/path><\/g><\/svg>\t\t\t\t\t\t<\/span>\n\t\t\t\t\t\t\t\t\t\t<span class=\"elementor-icon-list-text\">+90 312 219 42 59 \/ +90 506 175 54 03<\/span>\n\t\t\t\t\t\t\t\t\t\t\t<\/a>\n\t\t\t\t\t\t\t\t\t<\/li>\n\t\t\t\t\t\t\t\t<li class=\"elementor-icon-list-item\">\n\t\t\t\t\t\t\t\t\t\t\t<a href=\"mailto:support@pektineksper.com\">\n\n\t\t\t\t\t\t\t\t\t\t\t\t<span class=\"elementor-icon-list-icon\">\n\t\t\t\t\t\t\t<svg xmlns=\"http:\/\/www.w3.org\/2000\/svg\" width=\"24\" height=\"24\" viewBox=\"0 0 24 24\" fill=\"none\"><mask id=\"mask0_332_2493\" style=\"mask-type:alpha\" maskUnits=\"userSpaceOnUse\" x=\"0\" y=\"0\" width=\"24\" height=\"24\"><rect width=\"24\" height=\"24\" fill=\"#D9D9D9\"><\/rect><\/mask><g mask=\"url(#mask0_332_2493)\"><path d=\"M4 20C3.45 20 2.97917 19.8042 2.5875 19.4125C2.19583 19.0208 2 18.55 2 18V6C2 5.45 2.19583 4.97917 2.5875 4.5875C2.97917 4.19583 3.45 4 4 4H20C20.55 4 21.0208 4.19583 21.4125 4.5875C21.8042 4.97917 22 5.45 22 6V18C22 18.55 21.8042 19.0208 21.4125 19.4125C21.0208 19.8042 20.55 20 20 20H4ZM20 8L12.525 12.675C12.4417 12.725 12.3542 12.7625 12.2625 12.7875C12.1708 12.8125 12.0833 12.825 12 12.825C11.9167 12.825 11.8292 12.8125 11.7375 12.7875C11.6458 12.7625 11.5583 12.725 11.475 12.675L4 8V18H20V8ZM12 11L20 6H4L12 11ZM4 8.25V6.775V6.8V6.7875V8.25Z\" fill=\"#7E553A\"><\/path><\/g><\/svg>\t\t\t\t\t\t<\/span>\n\t\t\t\t\t\t\t\t\t\t<span class=\"elementor-icon-list-text\">support@pektineksper.com<\/span>\n\t\t\t\t\t\t\t\t\t\t\t<\/a>\n\t\t\t\t\t\t\t\t\t<\/li>\n\t\t\t\t\t\t\t\t<li class=\"elementor-icon-list-item\">\n\t\t\t\t\t\t\t\t\t\t\t<span class=\"elementor-icon-list-icon\">\n\t\t\t\t\t\t\t<svg xmlns=\"http:\/\/www.w3.org\/2000\/svg\" width=\"24\" height=\"24\" viewBox=\"0 0 24 24\" fill=\"none\"><mask id=\"mask0_332_2498\" style=\"mask-type:alpha\" maskUnits=\"userSpaceOnUse\" x=\"0\" y=\"0\" width=\"24\" height=\"24\"><rect width=\"24\" height=\"24\" fill=\"#D9D9D9\"><\/rect><\/mask><g mask=\"url(#mask0_332_2498)\"><path d=\"M4 21C3.45 21 2.97917 20.8042 2.5875 20.4125C2.19583 20.0208 2 19.55 2 19V8C2 7.45 2.19583 6.97917 2.5875 6.5875C2.97917 6.19583 3.45 6 4 6H8V4C8 3.45 8.19583 2.97917 8.5875 2.5875C8.97917 2.19583 9.45 2 10 2H14C14.55 2 15.0208 2.19583 15.4125 2.5875C15.8042 2.97917 16 3.45 16 4V6H20C20.55 6 21.0208 6.19583 21.4125 6.5875C21.8042 6.97917 22 7.45 22 8V11C22 11.2833 21.9042 11.5167 21.7125 11.7C21.5208 11.8833 21.2833 11.975 21 11.975C20.7167 11.975 20.4792 11.8792 20.2875 11.6875C20.0958 11.4958 20 11.2583 20 10.975V8H4V19H10.5C10.7833 19 11.0208 19.0958 11.2125 19.2875C11.4042 19.4792 11.5 19.7167 11.5 20C11.5 20.2833 11.4042 20.5208 11.2125 20.7125C11.0208 20.9042 10.7833 21 10.5 21H4ZM10 6H14V4H10V6ZM18 23C16.6167 23 15.4375 22.5125 14.4625 21.5375C13.4875 20.5625 13 19.3833 13 18C13 16.6167 13.4875 15.4375 14.4625 14.4625C15.4375 13.4875 16.6167 13 18 13C19.3833 13 20.5625 13.4875 21.5375 14.4625C22.5125 15.4375 23 16.6167 23 18C23 19.3833 22.5125 20.5625 21.5375 21.5375C20.5625 22.5125 19.3833 23 18 23ZM18.5 17.8V15.5C18.5 15.3667 18.45 15.25 18.35 15.15C18.25 15.05 18.1333 15 18 15C17.8667 15 17.75 15.05 17.65 15.15C17.55 15.25 17.5 15.3667 17.5 15.5V17.775C17.5 17.9083 17.525 18.0375 17.575 18.1625C17.625 18.2875 17.7 18.4 17.8 18.5L19.3 20C19.4 20.1 19.5167 20.15 19.65 20.15C19.7833 20.15 19.9 20.1 20 20C20.1 19.9 20.15 19.7833 20.15 19.65C20.15 19.5167 20.1 19.4 20 19.3L18.5 17.8Z\" fill=\"#7E553A\"><\/path><\/g><\/svg>\t\t\t\t\t\t<\/span>\n\t\t\t\t\t\t\t\t\t\t<span class=\"elementor-icon-list-text\">Weekdays 08.30 - 17.30<\/span>\n\t\t\t\t\t\t\t\t\t<\/li>\n\t\t\t\t\t\t<\/ul>\n\t\t\t\t\t\t<\/div>\n\t\t\t\t<\/div>\n\t\t\t\t<div class=\"elementor-element elementor-element-e0c57bd elementor-widget elementor-widget-image\" data-id=\"e0c57bd\" data-element_type=\"widget\" data-e-type=\"widget\" data-widget_type=\"image.default\">\n\t\t\t\t<div class=\"elementor-widget-container\">\n\t\t\t\t\t\t\t\t\t\t\t\t\t\t\t<img fetchpriority=\"high\" decoding=\"async\" width=\"1000\" height=\"1000\" src=\"https:\/\/pektineksper.com\/wp-content\/uploads\/2024\/07\/linkedin.svg\" class=\"attachment-large size-large wp-image-1172\" alt=\"\" srcset=\"https:\/\/pektineksper.com\/wp-content\/uploads\/\/2024\/07\/linkedin.svg 150w, https:\/\/pektineksper.com\/wp-content\/uploads\/\/2024\/07\/linkedin.svg 300w, https:\/\/pektineksper.com\/wp-content\/uploads\/\/2024\/07\/linkedin.svg 1024w, https:\/\/pektineksper.com\/wp-content\/uploads\/\/2024\/07\/linkedin.svg 30w\" sizes=\"(max-width: 1000px) 100vw, 1000px\" \/>\t\t\t\t\t\t\t\t\t\t\t\t\t\t\t<\/div>\n\t\t\t\t<\/div>\n\t\t\t\t<\/div>\n\t\t<div class=\"elementor-element elementor-element-19b3a4e e-con-full e-flex e-con e-child\" data-id=\"19b3a4e\" data-element_type=\"container\" data-e-type=\"container\">\n\t\t\t\t<div class=\"elementor-element elementor-element-4cc638c elementor-widget elementor-widget-heading\" data-id=\"4cc638c\" data-element_type=\"widget\" data-e-type=\"widget\" data-widget_type=\"heading.default\">\n\t\t\t\t<div class=\"elementor-widget-container\">\n\t\t\t\t\t<h2 class=\"elementor-heading-title elementor-size-default\">Administrative Office<\/h2>\t\t\t\t<\/div>\n\t\t\t\t<\/div>\n\t\t\t\t<div class=\"elementor-element elementor-element-c6a04b2 elementor-align-start elementor-widget__width-initial elementor-icon-list--layout-traditional elementor-list-item-link-full_width elementor-widget elementor-widget-icon-list\" data-id=\"c6a04b2\" data-element_type=\"widget\" data-e-type=\"widget\" data-widget_type=\"icon-list.default\">\n\t\t\t\t<div class=\"elementor-widget-container\">\n\t\t\t\t\t\t\t<ul class=\"elementor-icon-list-items\">\n\t\t\t\t\t\t\t<li class=\"elementor-icon-list-item\">\n\t\t\t\t\t\t\t\t\t\t\t<a href=\"https:\/\/www.google.com\/maps\/place\/Mustafa+Kemal,+2082.+Cd.+No:2+Sitesi+C48,+06510+%C3%87ankaya%2FAnkara\/@39.9109519,32.7607627,17z\/data=!3m1!4b1!4m5!3m4!1s0x14d3462b2d37b44b:0xa617eae3fcd1bc1f!8m2!3d39.9109478!4d32.7633376?entry=ttu&#038;g_ep=EgoyMDI0MDkwOC4wIKXMDSoASAFQAw%3D%3D\" target=\"_blank\" rel=\"noopener\">\n\n\t\t\t\t\t\t\t\t\t\t\t\t<span class=\"elementor-icon-list-icon\">\n\t\t\t\t\t\t\t<i aria-hidden=\"true\" class=\"ti ti-location-pin\"><\/i>\t\t\t\t\t\t<\/span>\n\t\t\t\t\t\t\t\t\t\t<span class=\"elementor-icon-list-text\">Mustafa Kemal District 2082.Street No:2 Ankara-Ankara Site C48 06530 \u00c7ankaya\/ANKARA <\/span>\n\t\t\t\t\t\t\t\t\t\t\t<\/a>\n\t\t\t\t\t\t\t\t\t<\/li>\n\t\t\t\t\t\t<\/ul>\n\t\t\t\t\t\t<\/div>\n\t\t\t\t<\/div>\n\t\t\t\t<\/div>\n\t\t<div class=\"elementor-element elementor-element-428e2e8 e-con-full e-flex e-con e-child\" data-id=\"428e2e8\" data-element_type=\"container\" data-e-type=\"container\">\n\t\t\t\t<div class=\"elementor-element elementor-element-fc825b4 elementor-widget elementor-widget-google_maps\" data-id=\"fc825b4\" data-element_type=\"widget\" data-e-type=\"widget\" data-widget_type=\"google_maps.default\">\n\t\t\t\t<div class=\"elementor-widget-container\">\n\t\t\t\t\t\t\t<div class=\"elementor-custom-embed\">\n\t\t\t<iframe loading=\"lazy\"\n\t\t\t\t\tsrc=\"https:\/\/maps.google.com\/maps?q=Mustafa%20Kemal%20Mahallesi%202082.Cadde%20No%3A2%20Ankara-Ankara%20Sitesi%20C48%2006530%20%C3%87ankaya%2FANKARA%20&#038;t=m&#038;z=15&#038;output=embed&#038;iwloc=near\"\n\t\t\t\t\ttitle=\"Mustafa Kemal Mahallesi 2082.Cadde No:2 Ankara-Ankara Sitesi C48 06530 \u00c7ankaya\/ANKARA \"\n\t\t\t\t\taria-label=\"Mustafa Kemal Mahallesi 2082.Cadde No:2 Ankara-Ankara Sitesi C48 06530 \u00c7ankaya\/ANKARA \"\n\t\t\t><\/iframe>\n\t\t<\/div>\n\t\t\t\t\t\t<\/div>\n\t\t\t\t<\/div>\n\t\t\t\t<\/div>\n\t\t<div class=\"elementor-element elementor-element-675aef1 e-con-full e-flex e-con e-child\" data-id=\"675aef1\" data-element_type=\"container\" data-e-type=\"container\">\n\t\t\t\t<div class=\"elementor-element elementor-element-c9d8766 elementor-widget elementor-widget-heading\" data-id=\"c9d8766\" data-element_type=\"widget\" data-e-type=\"widget\" data-widget_type=\"heading.default\">\n\t\t\t\t<div class=\"elementor-widget-container\">\n\t\t\t\t\t<h2 class=\"elementor-heading-title elementor-size-default\">Warehouse<\/h2>\t\t\t\t<\/div>\n\t\t\t\t<\/div>\n\t\t\t\t<div class=\"elementor-element elementor-element-b8c3f02 elementor-align-start elementor-widget__width-initial elementor-icon-list--layout-traditional elementor-list-item-link-full_width elementor-widget elementor-widget-icon-list\" data-id=\"b8c3f02\" data-element_type=\"widget\" data-e-type=\"widget\" data-widget_type=\"icon-list.default\">\n\t\t\t\t<div class=\"elementor-widget-container\">\n\t\t\t\t\t\t\t<ul class=\"elementor-icon-list-items\">\n\t\t\t\t\t\t\t<li class=\"elementor-icon-list-item\">\n\t\t\t\t\t\t\t\t\t\t\t<a href=\"https:\/\/www.google.com\/maps\/search\/%C3%87obantur+%2F+Balta%C5%9F+B%C3%BCy%C3%BCkbakkalk%C3%B6y+Mah.+Ferhatpa%C5%9Fa+Yolu+Cad.+No:+54+Maltepe+34\/@40.9754489,29.1772473,17z\/data=!3m1!4b1?entry=ttu&#038;g_ep=EgoyMDI0MDkwOC4wIKXMDSoASAFQAw%3D%3D\" target=\"_blank\" rel=\"noopener\">\n\n\t\t\t\t\t\t\t\t\t\t\t\t<span class=\"elementor-icon-list-icon\">\n\t\t\t\t\t\t\t<i aria-hidden=\"true\" class=\"ti ti-location-pin\"><\/i>\t\t\t\t\t\t<\/span>\n\t\t\t\t\t\t\t\t\t\t<span class=\"elementor-icon-list-text\">Eyup Sultan, Dekor Street No:2, 34885 Sancaktepe\/Istanbul<\/span>\n\t\t\t\t\t\t\t\t\t\t\t<\/a>\n\t\t\t\t\t\t\t\t\t<\/li>\n\t\t\t\t\t\t<\/ul>\n\t\t\t\t\t\t<\/div>\n\t\t\t\t<\/div>\n\t\t\t\t<\/div>\n\t\t<div class=\"elementor-element elementor-element-9c3f2fb e-con-full e-flex e-con e-child\" data-id=\"9c3f2fb\" data-element_type=\"container\" data-e-type=\"container\">\n\t\t\t\t<div class=\"elementor-element elementor-element-7f5787f elementor-widget elementor-widget-google_maps\" data-id=\"7f5787f\" data-element_type=\"widget\" data-e-type=\"widget\" data-widget_type=\"google_maps.default\">\n\t\t\t\t<div class=\"elementor-widget-container\">\n\t\t\t\t\t\t\t<div class=\"elementor-custom-embed\">\n\t\t\t<iframe loading=\"lazy\"\n\t\t\t\t\tsrc=\"https:\/\/maps.google.com\/maps?q=barlas%20antrepo%20istanbul&#038;t=m&#038;z=18&#038;output=embed&#038;iwloc=near\"\n\t\t\t\t\ttitle=\"barlas antrepo istanbul\"\n\t\t\t\t\taria-label=\"barlas antrepo istanbul\"\n\t\t\t><\/iframe>\n\t\t<\/div>\n\t\t\t\t\t\t<\/div>\n\t\t\t\t<\/div>\n\t\t\t\t<\/div>\n\t\t\t\t<\/div>\n\t\t<div class=\"elementor-element elementor-element-80e0a5d e-con-full pektin-iletisim-form e-flex e-con e-child\" data-id=\"80e0a5d\" data-element_type=\"container\" data-e-type=\"container\">\n\t\t<div class=\"elementor-element elementor-element-895dcf9 e-con-full e-flex e-con e-child\" data-id=\"895dcf9\" data-element_type=\"container\" data-e-type=\"container\">\n\t\t\t\t<div class=\"elementor-element elementor-element-95a35a6 pektin-iletisim-head elementor-widget elementor-widget-heading\" data-id=\"95a35a6\" data-element_type=\"widget\" data-e-type=\"widget\" data-widget_type=\"heading.default\">\n\t\t\t\t<div class=\"elementor-widget-container\">\n\t\t\t\t\t<h2 class=\"elementor-heading-title elementor-size-default\">Contact Form<\/h2>\t\t\t\t<\/div>\n\t\t\t\t<\/div>\n\t\t\t\t<div class=\"elementor-element elementor-element-7ac0633 elementor-widget__width-inherit elementor-widget-mobile__width-inherit elementor-widget elementor-widget-wpforms\" data-id=\"7ac0633\" data-element_type=\"widget\" data-e-type=\"widget\" data-widget_type=\"wpforms.default\">\n\t\t\t\t<div class=\"elementor-widget-container\">\n\t\t\t\t\t<style id=\"wpforms-css-vars-elementor-widget-7ac0633\">\n\t\t\t\t.elementor-widget-wpforms.elementor-element-7ac0633 {\n\t\t\t\t--wpforms-field-border-radius: 6px;\n--wpforms-field-border-color: #2828282B;\n--wpforms-field-border-color-spare: #2828282B;\n--wpforms-field-text-color: #282828;\n--wpforms-button-border-radius: 25px;\n--wpforms-button-background-color: #7E553A;\n--wpforms-field-size-input-height: 50px;\n--wpforms-field-size-input-spacing: 20px;\n--wpforms-field-size-font-size: 18px;\n--wpforms-field-size-line-height: 21px;\n--wpforms-field-size-padding-h: 14px;\n--wpforms-field-size-checkbox-size: 18px;\n--wpforms-field-size-sublabel-spacing: 10px;\n--wpforms-field-size-icon-size: 1.25;\n\t\t\t}\n\t\t\t<\/style><div class=\"wpforms-container wpforms-container-full wpforms-render-modern\" id=\"wpforms-195\"><form id=\"wpforms-form-195\" class=\"wpforms-validate wpforms-form wpforms-ajax-form\" data-formid=\"195\" method=\"post\" enctype=\"multipart\/form-data\" action=\"\/en\/wp-json\/wp\/v2\/pages\/1308\" data-token=\"32456cbe356aa2528b5531de5c6cd43e\" data-token-time=\"1778997407\"><noscript class=\"wpforms-error-noscript\">Please enable JavaScript in your browser to complete this form.<\/noscript><div id=\"wpforms-error-noscript\" style=\"display: none;\">Please enable JavaScript in your browser to complete this form.<\/div><div class=\"wpforms-field-container\"><div id=\"wpforms-195-field_0-container\" class=\"wpforms-field wpforms-field-name\" data-field-id=\"0\"><fieldset><legend class=\"wpforms-field-label wpforms-label-hide\" aria-hidden=\"false\">Name <span class=\"wpforms-required-label\" aria-hidden=\"true\">*<\/span><\/legend><div class=\"wpforms-field-row wpforms-field-large\"><div class=\"wpforms-field-row-block wpforms-first wpforms-one-half\"><input type=\"text\" id=\"wpforms-195-field_0\" class=\"wpforms-field-name-first wpforms-field-required\" name=\"wpforms[fields][0][first]\" placeholder=\"Name*\" aria-errormessage=\"wpforms-195-field_0-error\" required><label for=\"wpforms-195-field_0\" class=\"wpforms-field-sublabel after wpforms-sublabel-hide\">First<\/label><\/div><div class=\"wpforms-field-row-block wpforms-one-half\"><input type=\"text\" id=\"wpforms-195-field_0-last\" class=\"wpforms-field-name-last wpforms-field-required\" name=\"wpforms[fields][0][last]\" placeholder=\"Surname*\" aria-errormessage=\"wpforms-195-field_0-last-error\" required><label for=\"wpforms-195-field_0-last\" class=\"wpforms-field-sublabel after wpforms-sublabel-hide\">Last<\/label><\/div><\/div><\/fieldset><\/div><div id=\"wpforms-195-field_4-container\" class=\"wpforms-field wpforms-field-text\" data-field-id=\"4\"><label class=\"wpforms-field-label wpforms-label-hide\" for=\"wpforms-195-field_4\" aria-hidden=\"false\">Phone<\/label><input type=\"text\" id=\"wpforms-195-field_4\" class=\"wpforms-field-large wpforms-masked-input\" data-rule-inputmask-incomplete=\"1\" data-inputmask-mask=\"*** *** ** **\" name=\"wpforms[fields][4]\" placeholder=\"Phone Number*\" aria-errormessage=\"wpforms-195-field_4-error\" ><\/div><div id=\"wpforms-195-field_3-container\" class=\"wpforms-field wpforms-field-name\" data-field-id=\"3\"><label class=\"wpforms-field-label wpforms-label-hide\" for=\"wpforms-195-field_3\" aria-hidden=\"false\">E-Mail <span class=\"wpforms-required-label\" aria-hidden=\"true\">*<\/span><\/label><input type=\"text\" id=\"wpforms-195-field_3\" class=\"wpforms-field-large wpforms-field-required\" name=\"wpforms[fields][3]\" placeholder=\"E-Mail\" aria-errormessage=\"wpforms-195-field_3-error\" required><\/div><div id=\"wpforms-195-field_2-container\" class=\"wpforms-field wpforms-field-textarea pektin-textarea\" data-field-id=\"2\"><label class=\"wpforms-field-label wpforms-label-hide\" for=\"wpforms-195-field_2\" aria-hidden=\"false\">Message<\/label><textarea id=\"wpforms-195-field_2\" class=\"wpforms-field-medium\" name=\"wpforms[fields][2]\" placeholder=\"What You Want to Tell Us*\" aria-errormessage=\"wpforms-195-field_2-error\" ><\/textarea><\/div><\/div><!-- .wpforms-field-container --><div class=\"wpforms-submit-container\" ><input type=\"hidden\" name=\"wpforms[id]\" value=\"195\"><input type=\"hidden\" name=\"page_title\" value=\"\"><input type=\"hidden\" name=\"page_url\" value=\"https:\/\/pektineksper.com\/en\/wp-json\/wp\/v2\/pages\/1308\"><input type=\"hidden\" name=\"url_referer\" value=\"\"><button type=\"submit\" name=\"wpforms[submit]\" id=\"wpforms-submit-195\" class=\"wpforms-submit pektin-form-button\" data-alt-text=\"Sending...\" data-submit-text=\"Send\" aria-live=\"assertive\" value=\"wpforms-submit\">Send<\/button><img decoding=\"async\" src=\"https:\/\/pektineksper.com\/wp-content\/plugins\/wpforms\/assets\/images\/submit-spin.svg\" class=\"wpforms-submit-spinner\" style=\"display: none;\" width=\"26\" height=\"26\" alt=\"Loading\"><\/div><\/form><\/div>  <!-- .wpforms-container -->\t\t\t\t<\/div>\n\t\t\t\t<\/div>\n\t\t\t\t<\/div>\n\t\t\t\t<\/div>\n\t\t\t\t\t<\/div>\n\t\t\t\t<\/div>\n\t\t\t\t<\/div>\n\t\t","protected":false},"excerpt":{"rendered":"<p>Communication Homepage Communication Communication +90 312 219 42 59 \/ +90 506 175 54 03 support@pektineksper.com Weekdays 08.30 &#8211; 17.30 Administrative Office Mustafa Kemal District 2082.Street No:2 Ankara-Ankara Site C48 06530 \u00c7ankaya\/ANKARA Warehouse Eyup Sultan, Dekor Street No:2, 34885 Sancaktepe\/Istanbul Contact Form Bu formu bitirebilmek i\u00e7in taray\u0131c\u0131n\u0131zda JavaScript&#039;i etkinle\u015ftirin.Bu formu bitirebilmek i\u00e7in taray\u0131c\u0131n\u0131zda JavaScript&#039;i etkinle\u015ftirin. [&hellip;]<\/p>\n","protected":false},"author":1,"featured_media":0,"parent":0,"menu_order":0,"comment_status":"closed","ping_status":"closed","template":"","meta":{"footnotes":""},"class_list":["post-1308","page","type-page","status-publish","hentry"],"_links":{"self":[{"href":"https:\/\/pektineksper.com\/en\/wp-json\/wp\/v2\/pages\/1308","targetHints":{"allow":["GET"]}}],"collection":[{"href":"https:\/\/pektineksper.com\/en\/wp-json\/wp\/v2\/pages"}],"about":[{"href":"https:\/\/pektineksper.com\/en\/wp-json\/wp\/v2\/types\/page"}],"author":[{"embeddable":true,"href":"https:\/\/pektineksper.com\/en\/wp-json\/wp\/v2\/users\/1"}],"replies":[{"embeddable":true,"href":"https:\/\/pektineksper.com\/en\/wp-json\/wp\/v2\/comments?post=1308"}],"version-history":[{"count":2,"href":"https:\/\/pektineksper.com\/en\/wp-json\/wp\/v2\/pages\/1308\/revisions"}],"predecessor-version":[{"id":1883,"href":"https:\/\/pektineksper.com\/en\/wp-json\/wp\/v2\/pages\/1308\/revisions\/1883"}],"wp:attachment":[{"href":"https:\/\/pektineksper.com\/en\/wp-json\/wp\/v2\/media?parent=1308"}],"curies":[{"name":"wp","href":"https:\/\/api.w.org\/{rel}","templated":true}]}}